{"id":9414,"date":"2020-12-07T03:39:54","date_gmt":"2020-12-07T00:39:54","guid":{"rendered":"https:\/\/sukrukose.com\/about-us\/"},"modified":"2025-09-21T15:31:04","modified_gmt":"2025-09-21T12:31:04","slug":"about-us","status":"publish","type":"page","link":"https:\/\/sukrukose.com\/en\/about-us\/","title":{"rendered":"About us"},"content":{"rendered":"\t\t<div data-elementor-type=\"wp-page\" data-elementor-id=\"9414\" class=\"elementor elementor-9414 elementor-657\">\n\t\t\t\t\t\t\t\t\t<section class=\"elementor-section elementor-top-section elementor-element elementor-element-a3029a6 elementor-section-boxed elementor-section-height-default elementor-section-height-default\" data-id=\"a3029a6\" data-element_type=\"section\" data-settings=\"{&quot;background_background&quot;:&quot;classic&quot;}\">\n\t\t\t\t\t\t<div class=\"elementor-container elementor-column-gap-default\">\n\t\t\t\t\t<div class=\"elementor-column elementor-col-100 elementor-top-column elementor-element elementor-element-83a3e1e\" data-id=\"83a3e1e\" data-element_type=\"column\">\n\t\t\t<div class=\"elementor-widget-wrap elementor-element-populated\">\n\t\t\t\t\t\t\t\t<section class=\"elementor-section elementor-inner-section elementor-element elementor-element-fa1f99b elementor-section-boxed elementor-section-height-default elementor-section-height-default\" data-id=\"fa1f99b\" data-element_type=\"section\">\n\t\t\t\t\t\t<div class=\"elementor-container elementor-column-gap-default\">\n\t\t\t\t\t<div class=\"elementor-column elementor-col-50 elementor-inner-column elementor-element elementor-element-08385ce\" data-id=\"08385ce\" data-element_type=\"column\">\n\t\t\t<div class=\"elementor-widget-wrap elementor-element-populated\">\n\t\t\t\t\t\t\t\t<div class=\"elementor-element elementor-element-e6520c2 elementor-widget elementor-widget-rt-section-heading\" data-id=\"e6520c2\" data-element_type=\"widget\" data-widget_type=\"rt-section-heading.default\">\n\t\t\t\t<div class=\"elementor-widget-container\">\n\t\t\t\n<div class=\"section_heading_wrap\">\n\t<div class=\"section-heading\">\n\t\t\t\t<div class=\"heading-sub-title\">About Us<\/div>\n\t\t\t<h2 class=\"heading-main-title\">Who is Attorney \u015e\u00fckr\u00fc K\u00f6se?<\/h2>\n\t\t<\/div>\n\t\t<p><p data-start=\"53\" data-end=\"760\">Attorney \u015e\u00fckr\u00fc K\u00f6se graduated from Marmara University Faculty of Law. He worked in the Legal Department of the international company Siemens between 2017 and 2019. From 2021 to 2023, he provided services in the fields of corporate law, contracts, and enforcement law to Turkish entrepreneurs in the Republic of Estonia. During his tenure as the legal affairs manager of the Estonian Turkish Business Association, he strived to foster trade between Estonia and Turkey and to ensure that the growing commercial relations progressed in compliance with the relevant regulations. He provided legal support to numerous international companies in their branch establishments and commercial operations in Estonia.<\/p><p data-start=\"762\" data-end=\"1264\">He is a member of several esteemed organizations, including the Mu\u011fla Bar Association, the Swiss LegalTech Association, the Estonian Turkish Business Association, and the International Bar Association. He has adopted efficiency and effectiveness as guiding principles in his professional life. As a speaker at conferences, he has delivered informative presentations on the legal regulations that must be observed in the business world. Throughout his career, he has been honored with numerous awards.<\/p><p data-start=\"1266\" data-end=\"1342\">He is married, a history collector, and an avid mountaineering enthusiast.<\/p><\/p>\n\t<\/div>\n\t\t<\/div>\n\t\t\t\t<\/div>\n\t\t\t\t\t<\/div>\n\t\t<\/div>\n\t\t\t\t<div class=\"elementor-column elementor-col-50 elementor-inner-column elementor-element elementor-element-380e7fa about-box-layout2 item-figure\" data-id=\"380e7fa\" data-element_type=\"column\">\n\t\t\t<div class=\"elementor-widget-wrap elementor-element-populated\">\n\t\t\t\t\t\t\t\t<div class=\"elementor-element elementor-element-f135125 elementor-widget elementor-widget-rt-video-button\" data-id=\"f135125\" data-element_type=\"widget\" data-widget_type=\"rt-video-button.default\">\n\t\t\t\t<div class=\"elementor-widget-container\">\n\t\t\t\n<div class=\"about-box-layout2 has-animation text-center\">\n\t<div class=\"item-figure\">\n\t\t<img width=\"470\" height=\"570\" src=\"https:\/\/sukrukose.com\/wp-content\/uploads\/2023\/11\/sukrukose-hak-2.jpg\" class=\"attachment-full size-full\" alt=\"\" decoding=\"async\" srcset=\"https:\/\/sukrukose.com\/wp-content\/uploads\/2023\/11\/sukrukose-hak-2.jpg 470w, https:\/\/sukrukose.com\/wp-content\/uploads\/2023\/11\/sukrukose-hak-2-247x300.jpg 247w, https:\/\/sukrukose.com\/wp-content\/uploads\/2023\/11\/sukrukose-hak-2-10x12.jpg 10w\" sizes=\"(max-width: 470px) 100vw, 470px\" \/>\t\t<a class=\"btn-play-layout1 popup-youtube\" href=\"\">\n\t\t\t<div class=\"item-icon\"><i class=\"fas fa-play\"><\/i><\/div>\n\t\t<\/a>\n\t<\/div>\n<\/div>\t\t<\/div>\n\t\t\t\t<\/div>\n\t\t\t\t\t<\/div>\n\t\t<\/div>\n\t\t\t\t\t\t\t<\/div>\n\t\t<\/section>\n\t\t\t\t\t<\/div>\n\t\t<\/div>\n\t\t\t\t\t\t\t<\/div>\n\t\t<\/section>\n\t\t\t\t<section class=\"elementor-section elementor-top-section elementor-element elementor-element-1786fce elementor-section-boxed elementor-section-height-default elementor-section-height-default\" data-id=\"1786fce\" data-element_type=\"section\" data-settings=\"{&quot;background_background&quot;:&quot;classic&quot;}\">\n\t\t\t\t\t\t<div class=\"elementor-container elementor-column-gap-default\">\n\t\t\t\t\t<div class=\"elementor-column elementor-col-100 elementor-top-column elementor-element elementor-element-ee87ac4\" data-id=\"ee87ac4\" data-element_type=\"column\">\n\t\t\t<div class=\"elementor-widget-wrap elementor-element-populated\">\n\t\t\t\t\t\t\t\t<div class=\"elementor-element elementor-element-c86c681 elementor-widget elementor-widget-rt-section-heading\" data-id=\"c86c681\" data-element_type=\"widget\" data-widget_type=\"rt-section-heading.default\">\n\t\t\t\t<div class=\"elementor-widget-container\">\n\t\t\t\n<div class=\"section-heading2 width-large text-center\">\n\t\t<h2 class=\"heading-main-title\">Why \u015e\u00fckr\u00fc K\u00f6se Law Office?<\/h2>\n\t\t<p><p>With our international team, we provide services for the legal solutions you need.<\/p><\/p>\n\t<\/div>\t\t<\/div>\n\t\t\t\t<\/div>\n\t\t\t\t\t<\/div>\n\t\t<\/div>\n\t\t\t\t\t\t\t<\/div>\n\t\t<\/section>\n\t\t\t\t<section class=\"elementor-section elementor-top-section elementor-element elementor-element-6d0c059 legal-support-sec elementor-section-boxed elementor-section-height-default elementor-section-height-default\" data-id=\"6d0c059\" data-element_type=\"section\" data-settings=\"{&quot;background_background&quot;:&quot;classic&quot;}\">\n\t\t\t\t\t\t<div class=\"elementor-container elementor-column-gap-default\">\n\t\t\t\t\t<div class=\"elementor-column elementor-col-100 elementor-top-column elementor-element elementor-element-36874dc\" data-id=\"36874dc\" data-element_type=\"column\">\n\t\t\t<div class=\"elementor-widget-wrap elementor-element-populated\">\n\t\t\t\t\t\t\t\t<div class=\"elementor-element elementor-element-04d2d8b elementor-widget elementor-widget-rt-service-box\" data-id=\"04d2d8b\" data-element_type=\"widget\" data-widget_type=\"rt-service-box.default\">\n\t\t\t\t<div class=\"elementor-widget-container\">\n\t\t\t\n<div class=\"bg-half-light\">\n\t<div class=\"row\">\n\t\t<div class=\"col-lg-4 wow animated fadeInUp\" data-wow-delay=\"0.2s\">\n\t\t<div class=\"why-choose-box\">\n\t\t\t\t\t\t<div class=\"item-icon\">\n\t\t\t\t<i class=\" flaticon-law-1\"><\/i>\n\t\t\t<\/div>\n\t\t\t\t\t\t<div class=\"item-content\">\n\t\t\t\t\t\t\t\t<h3 class=\"item-title\">Expert Attorneys<\/h3>\n\t\t\t\t\t\t\t\t<p>Receive services from attorneys specialized in their fields.<\/p>\n\t\t\t\t\t\t\t<\/div>\n\t\t<\/div>\n\t<\/div>\n\t\t<div class=\"col-lg-4 wow animated fadeInUp\" data-wow-delay=\"0.4s\">\n\t\t<div class=\"why-choose-box\">\n\t\t\t\t\t\t<div class=\"item-icon\">\n\t\t\t\t<i class=\" flaticon-law-2\"><\/i>\n\t\t\t<\/div>\n\t\t\t\t\t\t<div class=\"item-content\">\n\t\t\t\t\t\t\t\t<h3 class=\"item-title\">Corporate Services<\/h3>\n\t\t\t\t\t\t\t\t<p>Reliable and corporate legal consultancy services<\/p>\n\t\t\t\t\t\t\t<\/div>\n\t\t<\/div>\n\t<\/div>\n\t\t<div class=\"col-lg-4 wow animated fadeInUp\" data-wow-delay=\"0.6s\">\n\t\t<div class=\"why-choose-box\">\n\t\t\t\t\t\t<div class=\"item-icon\">\n\t\t\t\t<i class=\" flaticon-shield\"><\/i>\n\t\t\t<\/div>\n\t\t\t\t\t\t<div class=\"item-content\">\n\t\t\t\t\t\t\t\t<h3 class=\"item-title\">Different Fields<\/h3>\n\t\t\t\t\t\t\t\t<p>With our different areas of expertise, we provide tailored...<\/p>\n\t\t\t\t\t\t\t<\/div>\n\t\t<\/div>\n\t<\/div>\n\t\t<\/div>\n<\/div>\t\t<\/div>\n\t\t\t\t<\/div>\n\t\t\t\t\t<\/div>\n\t\t<\/div>\n\t\t\t\t\t\t\t<\/div>\n\t\t<\/section>\n\t\t\t\t\t\t\t<\/div>\n\t\t","protected":false},"excerpt":{"rendered":"<p>About Us Who is Attorney \u015e\u00fckr\u00fc K\u00f6se? Attorney \u015e\u00fckr\u00fc K\u00f6se graduated from Marmara University Faculty of Law. He worked in the Legal Department of the international company Siemens between 2017 and 2019. From 2021 to 2023, he provided services in the fields of corporate law, contracts, and enforcement law to Turkish entrepreneurs in the Republic&#8230;<\/p>\n","protected":false},"author":1,"featured_media":0,"parent":0,"menu_order":0,"comment_status":"closed","ping_status":"closed","template":"templates\/blank.php","meta":[],"_links":{"self":[{"href":"https:\/\/sukrukose.com\/en\/wp-json\/wp\/v2\/pages\/9414"}],"collection":[{"href":"https:\/\/sukrukose.com\/en\/wp-json\/wp\/v2\/pages"}],"about":[{"href":"https:\/\/sukrukose.com\/en\/wp-json\/wp\/v2\/types\/page"}],"author":[{"embeddable":true,"href":"https:\/\/sukrukose.com\/en\/wp-json\/wp\/v2\/users\/1"}],"replies":[{"embeddable":true,"href":"https:\/\/sukrukose.com\/en\/wp-json\/wp\/v2\/comments?post=9414"}],"version-history":[{"count":0,"href":"https:\/\/sukrukose.com\/en\/wp-json\/wp\/v2\/pages\/9414\/revisions"}],"wp:attachment":[{"href":"https:\/\/sukrukose.com\/en\/wp-json\/wp\/v2\/media?parent=9414"}],"curies":[{"name":"wp","href":"https:\/\/api.w.org\/{rel}","templated":true}]}}