{"id":9536,"date":"2021-01-04T05:55:06","date_gmt":"2021-01-04T02:55:06","guid":{"rendered":"https:\/\/sukrukose.com\/our-areas-of-expertise\/"},"modified":"2025-09-21T15:32:15","modified_gmt":"2025-09-21T12:32:15","slug":"our-areas-of-expertise","status":"publish","type":"page","link":"https:\/\/sukrukose.com\/en\/our-areas-of-expertise\/","title":{"rendered":"Our Areas of Expertise"},"content":{"rendered":"\t\t<div data-elementor-type=\"wp-page\" data-elementor-id=\"9536\" class=\"elementor elementor-9536 elementor-3808\">\n\t\t\t\t\t\t\t\t\t<section class=\"elementor-section elementor-top-section elementor-element elementor-element-734d0bc elementor-section-boxed elementor-section-height-default elementor-section-height-default\" data-id=\"734d0bc\" data-element_type=\"section\">\n\t\t\t\t\t\t<div class=\"elementor-container elementor-column-gap-default\">\n\t\t\t\t\t<div class=\"elementor-column elementor-col-100 elementor-top-column elementor-element elementor-element-edcd5d2\" data-id=\"edcd5d2\" data-element_type=\"column\">\n\t\t\t<div class=\"elementor-widget-wrap elementor-element-populated\">\n\t\t\t\t\t\t\t\t<section class=\"elementor-section elementor-inner-section elementor-element elementor-element-3f103a9 elementor-section-boxed elementor-section-height-default elementor-section-height-default\" data-id=\"3f103a9\" data-element_type=\"section\">\n\t\t\t\t\t\t<div class=\"elementor-container elementor-column-gap-default\">\n\t\t\t\t\t<div class=\"elementor-column elementor-col-100 elementor-inner-column elementor-element elementor-element-2ee28c3\" data-id=\"2ee28c3\" data-element_type=\"column\">\n\t\t\t<div class=\"elementor-widget-wrap elementor-element-populated\">\n\t\t\t\t\t\t\t\t<div class=\"elementor-element elementor-element-c1e581c elementor-widget elementor-widget-rt-practice\" data-id=\"c1e581c\" data-element_type=\"widget\" data-widget_type=\"rt-practice.default\">\n\t\t\t\t<div class=\"elementor-widget-container\">\n\t\t\t\n\n<div class=\"row\">\n        <div class=\"col-xl-4 col-md-6 col-12 wow animated fadeInUp\" data-wow-delay=\"0.4s\">\n        <div class=\"practice-box-layout1\">\n            <div class=\"item-icon\">\n                <i class=\"\"><\/i>\n            <\/div>\n            <h3 class=\"item-title\"><a href=\"https:\/\/sukrukose.com\/en\/practice\/real-estate-law\/\">Real Estate Law<\/a><\/h3>\n                            <p>You can click to review our area of expertise and.<\/p>                    <\/div>\n    <\/div>\n        <div class=\"col-xl-4 col-md-6 col-12 wow animated fadeInUp\" data-wow-delay=\"0.5s\">\n        <div class=\"practice-box-layout1\">\n            <div class=\"item-icon\">\n                <i class=\"\"><\/i>\n            <\/div>\n            <h3 class=\"item-title\"><a href=\"https:\/\/sukrukose.com\/en\/practice\/enforcement-and-bankruptcy-law\/\">Enforcement and Bankruptcy Law<\/a><\/h3>\n                            <p>You can click to review our area of expertise and.<\/p>                    <\/div>\n    <\/div>\n        <div class=\"col-xl-4 col-md-6 col-12 wow animated fadeInUp\" data-wow-delay=\"0.6s\">\n        <div class=\"practice-box-layout1\">\n            <div class=\"item-icon\">\n                <i class=\"\"><\/i>\n            <\/div>\n            <h3 class=\"item-title\"><a href=\"https:\/\/sukrukose.com\/en\/practice\/criminal-law\/\">Criminal Law<\/a><\/h3>\n                            <p>You can click to review our area of expertise and.<\/p>                    <\/div>\n    <\/div>\n        <div class=\"col-xl-4 col-md-6 col-12 wow animated fadeInUp\" data-wow-delay=\"0.4s\">\n        <div class=\"practice-box-layout1\">\n            <div class=\"item-icon\">\n                <i class=\"\"><\/i>\n            <\/div>\n            <h3 class=\"item-title\"><a href=\"https:\/\/sukrukose.com\/en\/practice\/commercial-law\/\">Commercial Law<\/a><\/h3>\n                            <p>You can click to review our area of expertise and.<\/p>                    <\/div>\n    <\/div>\n        <div class=\"col-xl-4 col-md-6 col-12 wow animated fadeInUp\" data-wow-delay=\"0.5s\">\n        <div class=\"practice-box-layout1\">\n            <div class=\"item-icon\">\n                <i class=\"\"><\/i>\n            <\/div>\n            <h3 class=\"item-title\"><a href=\"https:\/\/sukrukose.com\/en\/practice\/labor-and-insurance-law\/\">Labor and Insurance Law<\/a><\/h3>\n                            <p>You can click to review our area of expertise and.<\/p>                    <\/div>\n    <\/div>\n        <div class=\"col-xl-4 col-md-6 col-12 wow animated fadeInUp\" data-wow-delay=\"0.6s\">\n        <div class=\"practice-box-layout1\">\n            <div class=\"item-icon\">\n                <i class=\"\"><\/i>\n            <\/div>\n            <h3 class=\"item-title\"><a href=\"https:\/\/sukrukose.com\/en\/practice\/family-law\/\">Family Law<\/a><\/h3>\n                            <p>You can click to review our area of expertise and.<\/p>                    <\/div>\n    <\/div>\n        <\/div>\n\n\n\t\t<\/div>\n\t\t\t\t<\/div>\n\t\t\t\t\t<\/div>\n\t\t<\/div>\n\t\t\t\t\t\t\t<\/div>\n\t\t<\/section>\n\t\t\t\t\t<\/div>\n\t\t<\/div>\n\t\t\t\t\t\t\t<\/div>\n\t\t<\/section>\n\t\t\t\t<section class=\"elementor-section elementor-top-section elementor-element elementor-element-25d852e elementor-section-boxed elementor-section-height-default elementor-section-height-default\" data-id=\"25d852e\" data-element_type=\"section\" data-settings=\"{&quot;background_background&quot;:&quot;classic&quot;}\">\n\t\t\t\t\t\t<div class=\"elementor-container elementor-column-gap-no\">\n\t\t\t\t\t<div class=\"elementor-column elementor-col-100 elementor-top-column elementor-element elementor-element-26e16f9\" data-id=\"26e16f9\" data-element_type=\"column\">\n\t\t\t<div class=\"elementor-widget-wrap elementor-element-populated\">\n\t\t\t\t\t\t\t\t<div class=\"elementor-element elementor-element-c3200d2 elementor-widget elementor-widget-rt-cta\" data-id=\"c3200d2\" data-element_type=\"widget\" data-widget_type=\"rt-cta.default\">\n\t\t\t\t<div class=\"elementor-widget-container\">\n\t\t\t\n<section class=\"call-to-action-wrap-layout3 parallaxie\">\n    <div class=\"call-to-action-box-layout3\">\n                <h2 class=\"item-title\"><span>Get More Information<\/span><\/h2>\n                <h3 class=\"sub-title\">Call <span><a href=\"tel:+905383176848\">Tel:+90 538 317 68 48 <\/a><\/span><\/h3>\n                <ul class=\"list-info\">\n            <li>iletisim@sukrukose.com<\/li>\n            <li>Weekdays 09:00-18:00<\/li>\n        <\/ul>\n            <\/div>\n<\/section>\t\t<\/div>\n\t\t\t\t<\/div>\n\t\t\t\t\t<\/div>\n\t\t<\/div>\n\t\t\t\t\t\t\t<\/div>\n\t\t<\/section>\n\t\t\t\t\t\t\t<\/div>\n\t\t","protected":false},"excerpt":{"rendered":"<p>Gayrimenkul Hukuku Uzmanl\u0131k alan\u0131m\u0131z\u0131 incelemek ve hemen daha fazla bilgi i\u00e7in t\u0131klayabilirsiniz.. \u0130cra ve \u0130flas Hukuku Uzmanl\u0131k alan\u0131m\u0131z\u0131 incelemek ve hemen daha fazla bilgi i\u00e7in t\u0131klayabilirsiniz.. Ceza Hukuku Uzmanl\u0131k alan\u0131m\u0131z\u0131 incelemek ve hemen daha fazla bilgi i\u00e7in t\u0131klayabilirsiniz.. Ticaret Hukuku Uzmanl\u0131k alan\u0131m\u0131z\u0131 incelemek ve hemen daha fazla bilgi i\u00e7in t\u0131klayabilirsiniz.. \u0130\u015f ve Sigorta Hukuku Uzmanl\u0131k&#8230;<\/p>\n","protected":false},"author":1,"featured_media":0,"parent":0,"menu_order":0,"comment_status":"closed","ping_status":"closed","template":"templates\/blank.php","meta":[],"_links":{"self":[{"href":"https:\/\/sukrukose.com\/en\/wp-json\/wp\/v2\/pages\/9536"}],"collection":[{"href":"https:\/\/sukrukose.com\/en\/wp-json\/wp\/v2\/pages"}],"about":[{"href":"https:\/\/sukrukose.com\/en\/wp-json\/wp\/v2\/types\/page"}],"author":[{"embeddable":true,"href":"https:\/\/sukrukose.com\/en\/wp-json\/wp\/v2\/users\/1"}],"replies":[{"embeddable":true,"href":"https:\/\/sukrukose.com\/en\/wp-json\/wp\/v2\/comments?post=9536"}],"version-history":[{"count":0,"href":"https:\/\/sukrukose.com\/en\/wp-json\/wp\/v2\/pages\/9536\/revisions"}],"wp:attachment":[{"href":"https:\/\/sukrukose.com\/en\/wp-json\/wp\/v2\/media?parent=9536"}],"curies":[{"name":"wp","href":"https:\/\/api.w.org\/{rel}","templated":true}]}}