{"id":9404,"date":"2021-01-04T05:55:06","date_gmt":"2021-01-04T02:55:06","guid":{"rendered":"https:\/\/sukrukose.com\/%d0%bd%d0%b0%d1%88%d0%b0-%d1%81%d0%bf%d0%b5%d1%86%d0%b8%d0%b0%d0%bb%d0%b8%d0%b7%d0%b0%d1%86%d0%b8%d1%8f\/"},"modified":"2025-09-21T13:00:17","modified_gmt":"2025-09-21T10:00:17","slug":"%d0%bd%d0%b0%d1%88%d0%b0-%d1%81%d0%bf%d0%b5%d1%86%d0%b8%d0%b0%d0%bb%d0%b8%d0%b7%d0%b0%d1%86%d0%b8%d1%8f","status":"publish","type":"page","link":"https:\/\/sukrukose.com\/ru\/%d0%bd%d0%b0%d1%88%d0%b0-%d1%81%d0%bf%d0%b5%d1%86%d0%b8%d0%b0%d0%bb%d0%b8%d0%b7%d0%b0%d1%86%d0%b8%d1%8f\/","title":{"rendered":"\u041d\u0430\u0448\u0430 \u0441\u043f\u0435\u0446\u0438\u0430\u043b\u0438\u0437\u0430\u0446\u0438\u044f"},"content":{"rendered":"\t\t<div data-elementor-type=\"wp-page\" data-elementor-id=\"9404\" class=\"elementor elementor-9404 elementor-3808\">\n\t\t\t\t\t\t\t\t\t<section class=\"elementor-section elementor-top-section elementor-element elementor-element-734d0bc elementor-section-boxed elementor-section-height-default elementor-section-height-default\" data-id=\"734d0bc\" data-element_type=\"section\">\n\t\t\t\t\t\t<div class=\"elementor-container elementor-column-gap-default\">\n\t\t\t\t\t<div class=\"elementor-column elementor-col-100 elementor-top-column elementor-element elementor-element-edcd5d2\" data-id=\"edcd5d2\" data-element_type=\"column\">\n\t\t\t<div class=\"elementor-widget-wrap elementor-element-populated\">\n\t\t\t\t\t\t\t\t<section class=\"elementor-section elementor-inner-section elementor-element elementor-element-3f103a9 elementor-section-boxed elementor-section-height-default elementor-section-height-default\" data-id=\"3f103a9\" data-element_type=\"section\">\n\t\t\t\t\t\t<div class=\"elementor-container elementor-column-gap-default\">\n\t\t\t\t\t<div class=\"elementor-column elementor-col-100 elementor-inner-column elementor-element elementor-element-2ee28c3\" data-id=\"2ee28c3\" data-element_type=\"column\">\n\t\t\t<div class=\"elementor-widget-wrap elementor-element-populated\">\n\t\t\t\t\t\t\t\t<div class=\"elementor-element elementor-element-c1e581c elementor-widget elementor-widget-rt-practice\" data-id=\"c1e581c\" data-element_type=\"widget\" data-widget_type=\"rt-practice.default\">\n\t\t\t\t<div class=\"elementor-widget-container\">\n\t\t\t\n\n<div class=\"row\">\n        <div class=\"col-xl-4 col-md-6 col-12 wow animated fadeInUp\" data-wow-delay=\"0.4s\">\n        <div class=\"practice-box-layout1\">\n            <div class=\"item-icon\">\n                <i class=\"\"><\/i>\n            <\/div>\n            <h3 class=\"item-title\"><a href=\"https:\/\/sukrukose.com\/ru\/practice\/%d0%b7%d0%b0%d0%ba%d0%be%d0%bd-%d0%be-%d0%bd%d0%b5%d0%b4%d0%b2%d0%b8%d0%b6%d0%b8%d0%bc%d0%be%d1%81%d1%82%d0%b8\/\">\u0417\u0430\u043a\u043e\u043d \u043e \u043d\u0435\u0434\u0432\u0438\u0436\u0438\u043c\u043e\u0441\u0442\u0438<\/a><\/h3>\n                            <p>\u0412\u044b \u043c\u043e\u0436\u0435\u0442\u0435 \u043d\u0430\u0436\u0430\u0442\u044c \u043d\u0430 \u043a\u043d\u043e\u043f\u043a\u0443, \u0447\u0442\u043e\u0431\u044b \u0438\u0437\u0443\u0447\u0438\u0442\u044c \u043e\u0431\u043b\u0430\u0441\u0442\u044c \u043d\u0430\u0448\u0435\u0439 \u043a\u043e\u043c\u043f\u0435\u0442\u0435\u043d\u0446\u0438\u0438.<\/p>                    <\/div>\n    <\/div>\n        <div class=\"col-xl-4 col-md-6 col-12 wow animated fadeInUp\" data-wow-delay=\"0.5s\">\n        <div class=\"practice-box-layout1\">\n            <div class=\"item-icon\">\n                <i class=\"\"><\/i>\n            <\/div>\n            <h3 class=\"item-title\"><a href=\"https:\/\/sukrukose.com\/ru\/practice\/%D0%BF%D1%80%D0%B0%D0%B2%D0%BE%D0%BF%D1%80%D0%B8%D0%BC%D0%B5%D0%BD%D0%B5%D0%BD%D0%B8%D0%B5-%D0%B8-%D0%B1%D0%B0%D0%BD%D0%BA%D1%80%D0%BE%D1%82%D1%81%D1%82%D0%B2%D0%BE\/\">\u041f\u0440\u0430\u0432\u043e\u043f\u0440\u0438\u043c\u0435\u043d\u0435\u043d\u0438\u0435 \u0438 \u0431\u0430\u043d\u043a\u0440\u043e\u0442\u0441\u0442\u0432\u043e<\/a><\/h3>\n                            <p>\u0412\u044b \u043c\u043e\u0436\u0435\u0442\u0435 \u043d\u0430\u0436\u0430\u0442\u044c \u043d\u0430 \u043a\u043d\u043e\u043f\u043a\u0443, \u0447\u0442\u043e\u0431\u044b \u0438\u0437\u0443\u0447\u0438\u0442\u044c \u043e\u0431\u043b\u0430\u0441\u0442\u044c \u043d\u0430\u0448\u0435\u0439 \u043a\u043e\u043c\u043f\u0435\u0442\u0435\u043d\u0446\u0438\u0438.<\/p>                    <\/div>\n    <\/div>\n        <div class=\"col-xl-4 col-md-6 col-12 wow animated fadeInUp\" data-wow-delay=\"0.6s\">\n        <div class=\"practice-box-layout1\">\n            <div class=\"item-icon\">\n                <i class=\"\"><\/i>\n            <\/div>\n            <h3 class=\"item-title\"><a href=\"https:\/\/sukrukose.com\/ru\/practice\/%D1%83%D0%B3%D0%BE%D0%BB%D0%BE%D0%B2%D0%BD%D0%BE%D0%B5-%D0%BF%D1%80%D0%B0%D0%B2%D0%BE\/\">\u0423\u0433\u043e\u043b\u043e\u0432\u043d\u043e\u0435 \u043f\u0440\u0430\u0432\u043e<\/a><\/h3>\n                            <p>\u0412\u044b \u043c\u043e\u0436\u0435\u0442\u0435 \u043d\u0430\u0436\u0430\u0442\u044c \u043d\u0430 \u043a\u043d\u043e\u043f\u043a\u0443, \u0447\u0442\u043e\u0431\u044b \u0438\u0437\u0443\u0447\u0438\u0442\u044c \u043e\u0431\u043b\u0430\u0441\u0442\u044c \u043d\u0430\u0448\u0435\u0439 \u043a\u043e\u043c\u043f\u0435\u0442\u0435\u043d\u0446\u0438\u0438.<\/p>                    <\/div>\n    <\/div>\n        <div class=\"col-xl-4 col-md-6 col-12 wow animated fadeInUp\" data-wow-delay=\"0.4s\">\n        <div class=\"practice-box-layout1\">\n            <div class=\"item-icon\">\n                <i class=\"\"><\/i>\n            <\/div>\n            <h3 class=\"item-title\"><a href=\"https:\/\/sukrukose.com\/ru\/practice\/%D0%BA%D0%BE%D0%BC%D0%BC%D0%B5%D1%80%D1%87%D0%B5%D1%81%D0%BA%D0%BE%D0%B5-%D0%BF%D1%80%D0%B0%D0%B2%D0%BE\/\">\u041a\u043e\u043c\u043c\u0435\u0440\u0447\u0435\u0441\u043a\u043e\u0435 \u043f\u0440\u0430\u0432\u043e<\/a><\/h3>\n                            <p>\u0412\u044b \u043c\u043e\u0436\u0435\u0442\u0435 \u043d\u0430\u0436\u0430\u0442\u044c \u043d\u0430 \u043a\u043d\u043e\u043f\u043a\u0443, \u0447\u0442\u043e\u0431\u044b \u0438\u0437\u0443\u0447\u0438\u0442\u044c \u043e\u0431\u043b\u0430\u0441\u0442\u044c \u043d\u0430\u0448\u0435\u0439 \u043a\u043e\u043c\u043f\u0435\u0442\u0435\u043d\u0446\u0438\u0438.<\/p>                    <\/div>\n    <\/div>\n        <div class=\"col-xl-4 col-md-6 col-12 wow animated fadeInUp\" data-wow-delay=\"0.5s\">\n        <div class=\"practice-box-layout1\">\n            <div class=\"item-icon\">\n                <i class=\"\"><\/i>\n            <\/div>\n            <h3 class=\"item-title\"><a href=\"https:\/\/sukrukose.com\/ru\/practice\/%D1%82%D1%80%D1%83%D0%B4%D0%BE%D0%B2%D0%BE%D0%B5-%D0%B8-%D1%81%D1%82%D1%80%D0%B0%D1%85%D0%BE%D0%B2%D0%BE%D0%B5-%D0%BF%D1%80%D0%B0%D0%B2%D0%BE\/\">\u0422\u0440\u0443\u0434\u043e\u0432\u043e\u0435 \u0438 \u0441\u0442\u0440\u0430\u0445\u043e\u0432\u043e\u0435 \u043f\u0440\u0430\u0432\u043e<\/a><\/h3>\n                            <p>\u0412\u044b \u043c\u043e\u0436\u0435\u0442\u0435 \u043d\u0430\u0436\u0430\u0442\u044c \u043d\u0430 \u043a\u043d\u043e\u043f\u043a\u0443, \u0447\u0442\u043e\u0431\u044b \u0438\u0437\u0443\u0447\u0438\u0442\u044c \u043e\u0431\u043b\u0430\u0441\u0442\u044c \u043d\u0430\u0448\u0435\u0439 \u043a\u043e\u043c\u043f\u0435\u0442\u0435\u043d\u0446\u0438\u0438.<\/p>                    <\/div>\n    <\/div>\n        <div class=\"col-xl-4 col-md-6 col-12 wow animated fadeInUp\" data-wow-delay=\"0.6s\">\n        <div class=\"practice-box-layout1\">\n            <div class=\"item-icon\">\n                <i class=\"\"><\/i>\n            <\/div>\n            <h3 class=\"item-title\"><a href=\"https:\/\/sukrukose.com\/ru\/practice\/%d1%81%d0%b5%d0%bc%d0%b5%d0%b9%d0%bd%d0%be%d0%b5-%d0%bf%d1%80%d0%b0%d0%b2%d0%be\/\">\u0421\u0435\u043c\u0435\u0439\u043d\u043e\u0435 \u043f\u0440\u0430\u0432\u043e<\/a><\/h3>\n                            <p>\u0412\u044b \u043c\u043e\u0436\u0435\u0442\u0435 \u043d\u0430\u0436\u0430\u0442\u044c \u043d\u0430 \u043a\u043d\u043e\u043f\u043a\u0443, \u0447\u0442\u043e\u0431\u044b \u0438\u0437\u0443\u0447\u0438\u0442\u044c \u043e\u0431\u043b\u0430\u0441\u0442\u044c \u043d\u0430\u0448\u0435\u0439 \u043a\u043e\u043c\u043f\u0435\u0442\u0435\u043d\u0446\u0438\u0438.<\/p>                    <\/div>\n    <\/div>\n        <\/div>\n\n\n\t\t<\/div>\n\t\t\t\t<\/div>\n\t\t\t\t\t<\/div>\n\t\t<\/div>\n\t\t\t\t\t\t\t<\/div>\n\t\t<\/section>\n\t\t\t\t\t<\/div>\n\t\t<\/div>\n\t\t\t\t\t\t\t<\/div>\n\t\t<\/section>\n\t\t\t\t<section class=\"elementor-section elementor-top-section elementor-element elementor-element-25d852e elementor-section-boxed elementor-section-height-default elementor-section-height-default\" data-id=\"25d852e\" data-element_type=\"section\" data-settings=\"{&quot;background_background&quot;:&quot;classic&quot;}\">\n\t\t\t\t\t\t<div class=\"elementor-container elementor-column-gap-no\">\n\t\t\t\t\t<div class=\"elementor-column elementor-col-100 elementor-top-column elementor-element elementor-element-26e16f9\" data-id=\"26e16f9\" data-element_type=\"column\">\n\t\t\t<div class=\"elementor-widget-wrap elementor-element-populated\">\n\t\t\t\t\t\t\t\t<div class=\"elementor-element elementor-element-c3200d2 elementor-widget elementor-widget-rt-cta\" data-id=\"c3200d2\" data-element_type=\"widget\" data-widget_type=\"rt-cta.default\">\n\t\t\t\t<div class=\"elementor-widget-container\">\n\t\t\t\n<section class=\"call-to-action-wrap-layout3 parallaxie\">\n    <div class=\"call-to-action-box-layout3\">\n                <h2 class=\"item-title\"><span>Daha Fazla Bilgi Al\u0131n<\/span><\/h2>\n                <h3 class=\"sub-title\">Call <span><a href=\"tel:+905383176848\">Tel:+90 538 317 68 48 <\/a><\/span><\/h3>\n                <ul class=\"list-info\">\n            <li>iletisim@sukrukose.com<\/li>\n            <li>Haftai\u00e7i: 09:00-18:00<\/li>\n        <\/ul>\n            <\/div>\n<\/section>\t\t<\/div>\n\t\t\t\t<\/div>\n\t\t\t\t\t<\/div>\n\t\t<\/div>\n\t\t\t\t\t\t\t<\/div>\n\t\t<\/section>\n\t\t\t\t\t\t\t<\/div>\n\t\t","protected":false},"excerpt":{"rendered":"<p>Gayrimenkul Hukuku Uzmanl\u0131k alan\u0131m\u0131z\u0131 incelemek ve hemen daha fazla bilgi i\u00e7in t\u0131klayabilirsiniz.. \u0130cra ve \u0130flas Hukuku Choosing Right Advisor Can Save Million our Ready more the. Ceza Hukuku Grursus mal suada faci lisis Lorem ipsum dolarorit and more. Ticaret Hukuku Grursus mal suada faci lisis Lorem ipsum dolarorit and more. \u0130\u015f ve Sigorta Hukuku Grursus&#8230;<\/p>\n","protected":false},"author":1,"featured_media":0,"parent":0,"menu_order":0,"comment_status":"closed","ping_status":"closed","template":"templates\/blank.php","meta":[],"_links":{"self":[{"href":"https:\/\/sukrukose.com\/ru\/wp-json\/wp\/v2\/pages\/9404"}],"collection":[{"href":"https:\/\/sukrukose.com\/ru\/wp-json\/wp\/v2\/pages"}],"about":[{"href":"https:\/\/sukrukose.com\/ru\/wp-json\/wp\/v2\/types\/page"}],"author":[{"embeddable":true,"href":"https:\/\/sukrukose.com\/ru\/wp-json\/wp\/v2\/users\/1"}],"replies":[{"embeddable":true,"href":"https:\/\/sukrukose.com\/ru\/wp-json\/wp\/v2\/comments?post=9404"}],"version-history":[{"count":0,"href":"https:\/\/sukrukose.com\/ru\/wp-json\/wp\/v2\/pages\/9404\/revisions"}],"wp:attachment":[{"href":"https:\/\/sukrukose.com\/ru\/wp-json\/wp\/v2\/media?parent=9404"}],"curies":[{"name":"wp","href":"https:\/\/api.w.org\/{rel}","templated":true}]}}