{"id":9441,"date":"2020-12-07T03:39:54","date_gmt":"2020-12-07T00:39:54","guid":{"rendered":"https:\/\/sukrukose.com\/%d0%be-%d0%bd%d0%b0%d1%81\/"},"modified":"2025-09-21T13:00:17","modified_gmt":"2025-09-21T10:00:17","slug":"%d0%be-%d0%bd%d0%b0%d1%81","status":"publish","type":"page","link":"https:\/\/sukrukose.com\/ru\/%D0%BE-%D0%BD%D0%B0%D1%81\/","title":{"rendered":"\u041e \u043d\u0430\u0441"},"content":{"rendered":"\t\t<div data-elementor-type=\"wp-page\" data-elementor-id=\"9441\" class=\"elementor elementor-9441 elementor-657\">\n\t\t\t\t\t\t\t\t\t<section class=\"elementor-section elementor-top-section elementor-element elementor-element-a3029a6 elementor-section-boxed elementor-section-height-default elementor-section-height-default\" data-id=\"a3029a6\" data-element_type=\"section\" data-settings=\"{&quot;background_background&quot;:&quot;classic&quot;}\">\n\t\t\t\t\t\t<div class=\"elementor-container elementor-column-gap-default\">\n\t\t\t\t\t<div class=\"elementor-column elementor-col-100 elementor-top-column elementor-element elementor-element-83a3e1e\" data-id=\"83a3e1e\" data-element_type=\"column\">\n\t\t\t<div class=\"elementor-widget-wrap elementor-element-populated\">\n\t\t\t\t\t\t\t\t<section class=\"elementor-section elementor-inner-section elementor-element elementor-element-fa1f99b elementor-section-boxed elementor-section-height-default elementor-section-height-default\" data-id=\"fa1f99b\" data-element_type=\"section\">\n\t\t\t\t\t\t<div class=\"elementor-container elementor-column-gap-default\">\n\t\t\t\t\t<div class=\"elementor-column elementor-col-50 elementor-inner-column elementor-element elementor-element-08385ce\" data-id=\"08385ce\" data-element_type=\"column\">\n\t\t\t<div class=\"elementor-widget-wrap elementor-element-populated\">\n\t\t\t\t\t\t\t\t<div class=\"elementor-element elementor-element-e6520c2 elementor-widget elementor-widget-rt-section-heading\" data-id=\"e6520c2\" data-element_type=\"widget\" data-widget_type=\"rt-section-heading.default\">\n\t\t\t\t<div class=\"elementor-widget-container\">\n\t\t\t\n<div class=\"section_heading_wrap\">\n\t<div class=\"section-heading\">\n\t\t\t\t<div class=\"heading-sub-title\">Hakk\u0131m\u0131zda <\/div>\n\t\t\t<h2 class=\"heading-main-title\">Avukat \u015e\u00fckr\u00fc K\u00f6se Kimdir? <\/h2>\n\t\t<\/div>\n\t\t<p><p>Av. \u015e\u00fckr\u00fc K\u00f6se Marmara Hukuk Fak\u00fcltesi'nden mezun olmu\u015ftur. Uluslararas\u0131 Siemens \u015firketinin Hukuk Departman\u0131'nda 2017-2019 y\u0131llar\u0131 aras\u0131nda \u00e7al\u0131\u015fm\u0131\u015ft\u0131r.2021-2023 y\u0131llar\u0131 aras\u0131nda Estonya Cumhuriyeti'nde T\u00fcrk i\u015f insanlar\u0131na \u015firketler hukuku, s\u00f6zle\u015fmeler ve icra hukuku alan\u0131nda hizmet vermi\u015ftir. Estonya T\u00fcrk \u0130\u015f Adamlar\u0131 Derne\u011fi'nin hukuki i\u015flerden sorumlu y\u00f6neticisi oldu\u011fu s\u00fcre\u00e7te Estonya-T\u00fcrkiye aras\u0131nda ticaretin geli\u015fmesi ve geli\u015fen ticaretin mevzuatlara uygun olarak ilerleyebilmesi i\u00e7in gayret g\u00f6stermi\u015ftir. Uluslararas\u0131 bir\u00e7ok \u015firketin Estonya'da \u015fubele\u015fmesinde ve ticari faaliyetlerinde hukuki destek sa\u011flam\u0131\u015ft\u0131r. Mu\u011fla Barosu, \u0130svi\u00e7re Hukuk Teknolojileri Derne\u011fi, Estonya T\u00fcrk \u0130\u015f Adamlar\u0131 Derne\u011fi, Uluslararas\u0131 Barolar Birli\u011fi gibi bir\u00e7ok sayg\u0131n kurulu\u015f \u00fcyesidir. Verimlilik ve etkinli\u011fi hizmet hayat\u0131nda ilke edinmi\u015ftir. Konu\u015fmac\u0131 olarak yer ald\u0131\u011f\u0131 konferanslarda ticaret hayat\u0131nda bilinmesi gereken kanuni d\u00fczenlemeler hakk\u0131nda bilgilendirmeler yapm\u0131\u015ft\u0131r. Meslek hayat\u0131nda bir\u00e7ok \u00f6d\u00fcle lay\u0131k g\u00f6r\u00fclm\u00fc\u015ft\u00fcr.<\/p><p>Evlidir. Tarih koleksiyonerli\u011fi ve da\u011fc\u0131l\u0131k tutkunudur.<\/p><\/p>\n\t<\/div>\n\t\t<\/div>\n\t\t\t\t<\/div>\n\t\t\t\t\t<\/div>\n\t\t<\/div>\n\t\t\t\t<div class=\"elementor-column elementor-col-50 elementor-inner-column elementor-element elementor-element-380e7fa about-box-layout2 item-figure\" data-id=\"380e7fa\" data-element_type=\"column\">\n\t\t\t<div class=\"elementor-widget-wrap elementor-element-populated\">\n\t\t\t\t\t\t\t\t<div class=\"elementor-element elementor-element-f135125 elementor-widget elementor-widget-rt-video-button\" data-id=\"f135125\" data-element_type=\"widget\" data-widget_type=\"rt-video-button.default\">\n\t\t\t\t<div class=\"elementor-widget-container\">\n\t\t\t\n<div class=\"about-box-layout2 has-animation text-center\">\n\t<div class=\"item-figure\">\n\t\t<img width=\"470\" height=\"570\" src=\"https:\/\/sukrukose.com\/wp-content\/uploads\/2023\/11\/sukrukose-hak-2.jpg\" class=\"attachment-full size-full\" alt=\"\" decoding=\"async\" srcset=\"https:\/\/sukrukose.com\/wp-content\/uploads\/2023\/11\/sukrukose-hak-2.jpg 470w, https:\/\/sukrukose.com\/wp-content\/uploads\/2023\/11\/sukrukose-hak-2-247x300.jpg 247w, https:\/\/sukrukose.com\/wp-content\/uploads\/2023\/11\/sukrukose-hak-2-10x12.jpg 10w\" sizes=\"(max-width: 470px) 100vw, 470px\" \/>\t\t<a class=\"btn-play-layout1 popup-youtube\" href=\"\">\n\t\t\t<div class=\"item-icon\"><i class=\"fas fa-play\"><\/i><\/div>\n\t\t<\/a>\n\t<\/div>\n<\/div>\t\t<\/div>\n\t\t\t\t<\/div>\n\t\t\t\t\t<\/div>\n\t\t<\/div>\n\t\t\t\t\t\t\t<\/div>\n\t\t<\/section>\n\t\t\t\t\t<\/div>\n\t\t<\/div>\n\t\t\t\t\t\t\t<\/div>\n\t\t<\/section>\n\t\t\t\t<section class=\"elementor-section elementor-top-section elementor-element elementor-element-1786fce elementor-section-boxed elementor-section-height-default elementor-section-height-default\" data-id=\"1786fce\" data-element_type=\"section\" data-settings=\"{&quot;background_background&quot;:&quot;classic&quot;}\">\n\t\t\t\t\t\t<div class=\"elementor-container elementor-column-gap-default\">\n\t\t\t\t\t<div class=\"elementor-column elementor-col-100 elementor-top-column elementor-element elementor-element-ee87ac4\" data-id=\"ee87ac4\" data-element_type=\"column\">\n\t\t\t<div class=\"elementor-widget-wrap elementor-element-populated\">\n\t\t\t\t\t\t\t\t<div class=\"elementor-element elementor-element-c86c681 elementor-widget elementor-widget-rt-section-heading\" data-id=\"c86c681\" data-element_type=\"widget\" data-widget_type=\"rt-section-heading.default\">\n\t\t\t\t<div class=\"elementor-widget-container\">\n\t\t\t\n<div class=\"section-heading2 width-large text-center\">\n\t\t<h2 class=\"heading-main-title\">Neden \u015e\u00fckr\u00fc K\u00f6se Avukatl\u0131k Ofisi?<\/h2>\n\t\t<p><p>Uluslararas\u0131 ekibimiz ile ihtiyac\u0131n\u0131z olan hukuki \u00e7\u00f6z\u00fcmlerde hizmet veriyoruz.<\/p><\/p>\n\t<\/div>\t\t<\/div>\n\t\t\t\t<\/div>\n\t\t\t\t\t<\/div>\n\t\t<\/div>\n\t\t\t\t\t\t\t<\/div>\n\t\t<\/section>\n\t\t\t\t<section class=\"elementor-section elementor-top-section elementor-element elementor-element-6d0c059 legal-support-sec elementor-section-boxed elementor-section-height-default elementor-section-height-default\" data-id=\"6d0c059\" data-element_type=\"section\" data-settings=\"{&quot;background_background&quot;:&quot;classic&quot;}\">\n\t\t\t\t\t\t<div class=\"elementor-container elementor-column-gap-default\">\n\t\t\t\t\t<div class=\"elementor-column elementor-col-100 elementor-top-column elementor-element elementor-element-36874dc\" data-id=\"36874dc\" data-element_type=\"column\">\n\t\t\t<div class=\"elementor-widget-wrap elementor-element-populated\">\n\t\t\t\t\t\t\t\t<div class=\"elementor-element elementor-element-04d2d8b elementor-widget elementor-widget-rt-service-box\" data-id=\"04d2d8b\" data-element_type=\"widget\" data-widget_type=\"rt-service-box.default\">\n\t\t\t\t<div class=\"elementor-widget-container\">\n\t\t\t\n<div class=\"bg-half-light\">\n\t<div class=\"row\">\n\t\t<div class=\"col-lg-4 wow animated fadeInUp\" data-wow-delay=\"0.2s\">\n\t\t<div class=\"why-choose-box\">\n\t\t\t\t\t\t<div class=\"item-icon\">\n\t\t\t\t<i class=\" flaticon-law-1\"><\/i>\n\t\t\t<\/div>\n\t\t\t\t\t\t<div class=\"item-content\">\n\t\t\t\t\t\t\t\t<h3 class=\"item-title\">Uzman Avukatlar<\/h3>\n\t\t\t\t\t\t\t\t<p>Alan\u0131nda uzman avukatlardan hizmetler al\u0131n.<\/p>\n\t\t\t\t\t\t\t<\/div>\n\t\t<\/div>\n\t<\/div>\n\t\t<div class=\"col-lg-4 wow animated fadeInUp\" data-wow-delay=\"0.4s\">\n\t\t<div class=\"why-choose-box\">\n\t\t\t\t\t\t<div class=\"item-icon\">\n\t\t\t\t<i class=\" flaticon-law-2\"><\/i>\n\t\t\t<\/div>\n\t\t\t\t\t\t<div class=\"item-content\">\n\t\t\t\t\t\t\t\t<h3 class=\"item-title\">Kurumsal Hizmetler<\/h3>\n\t\t\t\t\t\t\t\t<p>G\u00fcvenilir ve kurumsal hukuk dan\u0131\u015fmanl\u0131k hizmetleri.<\/p>\n\t\t\t\t\t\t\t<\/div>\n\t\t<\/div>\n\t<\/div>\n\t\t<div class=\"col-lg-4 wow animated fadeInUp\" data-wow-delay=\"0.6s\">\n\t\t<div class=\"why-choose-box\">\n\t\t\t\t\t\t<div class=\"item-icon\">\n\t\t\t\t<i class=\" flaticon-shield\"><\/i>\n\t\t\t<\/div>\n\t\t\t\t\t\t<div class=\"item-content\">\n\t\t\t\t\t\t\t\t<h3 class=\"item-title\">Farkl\u0131 Alanlar<\/h3>\n\t\t\t\t\t\t\t\t<p>Farkl\u0131 uzmanl\u0131k alanlar\u0131m\u0131z ile size \u00f6zel \u00e7\u00f6z\u00fcmler.<\/p>\n\t\t\t\t\t\t\t<\/div>\n\t\t<\/div>\n\t<\/div>\n\t\t<\/div>\n<\/div>\t\t<\/div>\n\t\t\t\t<\/div>\n\t\t\t\t\t<\/div>\n\t\t<\/div>\n\t\t\t\t\t\t\t<\/div>\n\t\t<\/section>\n\t\t\t\t\t\t\t<\/div>\n\t\t","protected":false},"excerpt":{"rendered":"<p>Hakk\u0131m\u0131zda Avukat \u015e\u00fckr\u00fc K\u00f6se Kimdir? Av. \u015e\u00fckr\u00fc K\u00f6se Marmara Hukuk Fak\u00fcltesi&#8217;nden mezun olmu\u015ftur. Uluslararas\u0131 Siemens \u015firketinin Hukuk Departman\u0131&#8217;nda 2017-2019 y\u0131llar\u0131 aras\u0131nda \u00e7al\u0131\u015fm\u0131\u015ft\u0131r.2021-2023 y\u0131llar\u0131 aras\u0131nda Estonya Cumhuriyeti&#8217;nde T\u00fcrk i\u015f insanlar\u0131na \u015firketler hukuku, s\u00f6zle\u015fmeler ve icra hukuku alan\u0131nda hizmet vermi\u015ftir. Estonya T\u00fcrk \u0130\u015f Adamlar\u0131 Derne\u011fi&#8217;nin hukuki i\u015flerden sorumlu y\u00f6neticisi oldu\u011fu s\u00fcre\u00e7te Estonya-T\u00fcrkiye aras\u0131nda ticaretin geli\u015fmesi ve geli\u015fen&#8230;<\/p>\n","protected":false},"author":1,"featured_media":0,"parent":0,"menu_order":0,"comment_status":"closed","ping_status":"closed","template":"templates\/blank.php","meta":[],"_links":{"self":[{"href":"https:\/\/sukrukose.com\/ru\/wp-json\/wp\/v2\/pages\/9441"}],"collection":[{"href":"https:\/\/sukrukose.com\/ru\/wp-json\/wp\/v2\/pages"}],"about":[{"href":"https:\/\/sukrukose.com\/ru\/wp-json\/wp\/v2\/types\/page"}],"author":[{"embeddable":true,"href":"https:\/\/sukrukose.com\/ru\/wp-json\/wp\/v2\/users\/1"}],"replies":[{"embeddable":true,"href":"https:\/\/sukrukose.com\/ru\/wp-json\/wp\/v2\/comments?post=9441"}],"version-history":[{"count":0,"href":"https:\/\/sukrukose.com\/ru\/wp-json\/wp\/v2\/pages\/9441\/revisions"}],"wp:attachment":[{"href":"https:\/\/sukrukose.com\/ru\/wp-json\/wp\/v2\/media?parent=9441"}],"curies":[{"name":"wp","href":"https:\/\/api.w.org\/{rel}","templated":true}]}}