{"id":9534,"date":"2020-12-08T07:12:44","date_gmt":"2020-12-08T04:12:44","guid":{"rendered":"https:\/\/sukrukose.com\/%d0%ba%d0%be%d0%bc%d0%bc%d1%83%d0%bd%d0%b8%d0%ba%d0%b0%d1%86%d0%b8%d1%8f\/"},"modified":"2025-09-21T13:00:35","modified_gmt":"2025-09-21T10:00:35","slug":"%d0%ba%d0%be%d0%bc%d0%bc%d1%83%d0%bd%d0%b8%d0%ba%d0%b0%d1%86%d0%b8%d1%8f","status":"publish","type":"page","link":"https:\/\/sukrukose.com\/ru\/%d0%ba%d0%be%d0%bc%d0%bc%d1%83%d0%bd%d0%b8%d0%ba%d0%b0%d1%86%d0%b8%d1%8f\/","title":{"rendered":"\u041a\u043e\u043c\u043c\u0443\u043d\u0438\u043a\u0430\u0446\u0438\u044f"},"content":{"rendered":"\t\t<div data-elementor-type=\"wp-page\" data-elementor-id=\"9534\" class=\"elementor elementor-9534 elementor-1157\">\n\t\t\t\t\t\t\t\t\t<section class=\"elementor-section elementor-top-section elementor-element elementor-element-12b738e elementor-section-boxed elementor-section-height-default elementor-section-height-default\" data-id=\"12b738e\" data-element_type=\"section\">\n\t\t\t\t\t\t<div class=\"elementor-container elementor-column-gap-default\">\n\t\t\t\t\t<div class=\"elementor-column elementor-col-100 elementor-top-column elementor-element elementor-element-63f848e\" data-id=\"63f848e\" data-element_type=\"column\">\n\t\t\t<div class=\"elementor-widget-wrap elementor-element-populated\">\n\t\t\t\t\t\t\t\t<div class=\"elementor-element elementor-element-44a6e06 elementor-widget elementor-widget-google_maps\" data-id=\"44a6e06\" data-element_type=\"widget\" data-widget_type=\"google_maps.default\">\n\t\t\t\t<div class=\"elementor-widget-container\">\n\t\t\t\t\t<div class=\"elementor-custom-embed\">\n\t\t\t<iframe loading=\"lazy\"\n\t\t\t\t\tsrc=\"https:\/\/maps.google.com\/maps?q=Akarca%20Mahallesi%20%C5%9Eehit%20Nihat%20Oran%20Caddesi%20No%208%20Fethiye%2FMu%C4%9Fla&#038;t=m&#038;z=16&#038;output=embed&#038;iwloc=near\"\n\t\t\t\t\ttitle=\"Akarca Mahallesi \u015eehit Nihat Oran Caddesi No 8 Fethiye\/Mu\u011fla\"\n\t\t\t\t\taria-label=\"Akarca Mahallesi \u015eehit Nihat Oran Caddesi No 8 Fethiye\/Mu\u011fla\"\n\t\t\t><\/iframe>\n\t\t<\/div>\n\t\t\t\t<\/div>\n\t\t\t\t<\/div>\n\t\t\t\t\t<\/div>\n\t\t<\/div>\n\t\t\t\t\t\t\t<\/div>\n\t\t<\/section>\n\t\t\t\t<section class=\"elementor-section elementor-top-section elementor-element elementor-element-45bf0f9 contact-wrap-layout3 elementor-section-boxed elementor-section-height-default elementor-section-height-default\" data-id=\"45bf0f9\" data-element_type=\"section\" data-settings=\"{&quot;background_background&quot;:&quot;classic&quot;}\">\n\t\t\t\t\t\t<div class=\"elementor-container elementor-column-gap-default\">\n\t\t\t\t\t<div class=\"elementor-column elementor-col-100 elementor-top-column elementor-element elementor-element-0ead464\" data-id=\"0ead464\" data-element_type=\"column\">\n\t\t\t<div class=\"elementor-widget-wrap elementor-element-populated\">\n\t\t\t\t\t\t\t\t<section class=\"elementor-section elementor-inner-section elementor-element elementor-element-c496851 elementor-section-boxed elementor-section-height-default elementor-section-height-default\" data-id=\"c496851\" data-element_type=\"section\">\n\t\t\t\t\t\t<div class=\"elementor-container elementor-column-gap-default\">\n\t\t\t\t\t<div class=\"elementor-column elementor-col-50 elementor-inner-column elementor-element elementor-element-834de94 contact-box-layout3 style2\" data-id=\"834de94\" data-element_type=\"column\">\n\t\t\t<div class=\"elementor-widget-wrap elementor-element-populated\">\n\t\t\t\t\t\t\t\t<div class=\"elementor-element elementor-element-c4946e3 contact_heading elementor-widget elementor-widget-rt-section-heading\" data-id=\"c4946e3\" data-element_type=\"widget\" data-widget_type=\"rt-section-heading.default\">\n\t\t\t\t<div class=\"elementor-widget-container\">\n\t\t\t\n\n<div class=\"section-heading heading-dark margin-bottom\">\n\t\t<h2 class=\"heading-main-title\">\u0130leti\u015fime Ge\u00e7in<\/h2>\n\t\t<p><p>A\u015fa\u011f\u0131daki ileti\u015fim bilgilerinden bizlere kolayca ula\u015fabilirsiniz.<\/p><\/p>\n\t<\/div>\t\t<\/div>\n\t\t\t\t<\/div>\n\t\t\t\t<div class=\"elementor-element elementor-element-8e689ed elementor-widget elementor-widget-rt-contact-box\" data-id=\"8e689ed\" data-element_type=\"widget\" data-widget_type=\"rt-contact-box.default\">\n\t\t\t\t<div class=\"elementor-widget-container\">\n\t\t\t\n<ul class=\"address-items\">\n    <li>\n        <div class=\"media\">\n            <div class=\"item-icon\">\n                <i class=\"flaticon-phone\"><\/i>\n            <\/div>\n            <div class=\"media-body space-md\">\n                                <h3 class=\"item-title\">Telefon<\/h3>\n                                <p>+90 538 317 68 48 <\/p>\n                            <\/div>\n        <\/div>\n    <\/li>\n    <li>\n        <div class=\"media\">\n            <div class=\"item-icon\">\n                <i class=\"flaticon-mail\"><\/i>\n            <\/div>\n            <div class=\"media-body space-md\">\n                                <h3 class=\"item-title\">Email<\/h3>\n                                <p>iletisim@sukrukose.com<\/p>\n                            <\/div>\n        <\/div>\n    <\/li>\n    <li>\n        <div class=\"media\">\n            <div class=\"item-icon\">\n                <i class=\"flaticon-pin\"><\/i>\n            <\/div>\n            <div class=\"media-body space-md\">\n                                <h3 class=\"item-title\">Adres<\/h3>\n                                <p><span>Akarca Mah. \u015eehit Nihat Oran Cad. No:8 \u0130\u00e7 Kap\u0131 No:4 Fethiye\/Mu\u011fla <\/span><\/p>\n                            <\/div>\n        <\/div>\n    <\/li>\n<\/ul>\t\t<\/div>\n\t\t\t\t<\/div>\n\t\t\t\t\t<\/div>\n\t\t<\/div>\n\t\t\t\t<div class=\"elementor-column elementor-col-50 elementor-inner-column elementor-element elementor-element-e25ba25 contact-box-layout3 mr-30\" data-id=\"e25ba25\" data-element_type=\"column\">\n\t\t\t<div class=\"elementor-widget-wrap elementor-element-populated\">\n\t\t\t\t\t\t\t\t<div class=\"elementor-element elementor-element-92b573e contact_heading elementor-widget elementor-widget-rt-section-heading\" data-id=\"92b573e\" data-element_type=\"widget\" data-widget_type=\"rt-section-heading.default\">\n\t\t\t\t<div class=\"elementor-widget-container\">\n\t\t\t\n\n<div class=\"section-heading heading-dark margin-bottom\">\n\t\t<h2 class=\"heading-main-title\">\u0130leti\u015fim Formu<\/h2>\n\t\t<p><p>A\u015fa\u011f\u0131daki ileti\u015fim formundan bizlere kolayca ula\u015fabilirsiniz.<\/p><\/p>\n\t<\/div>\t\t<\/div>\n\t\t\t\t<\/div>\n\t\t\t\t<div class=\"elementor-element elementor-element-f71e9a5 elementor-widget elementor-widget-shortcode\" data-id=\"f71e9a5\" data-element_type=\"widget\" data-widget_type=\"shortcode.default\">\n\t\t\t\t<div class=\"elementor-widget-container\">\n\t\t\t\t\t<div class=\"elementor-shortcode\">\n<div class=\"wpcf7 no-js\" id=\"wpcf7-f9596-o1\" lang=\"ru-RU\" dir=\"ltr\">\n<div class=\"screen-reader-response\"><p role=\"status\" aria-live=\"polite\" aria-atomic=\"true\"><\/p> <ul><\/ul><\/div>\n<form action=\"\/ru\/wp-json\/wp\/v2\/pages\/9534#wpcf7-f9596-o1\" method=\"post\" class=\"wpcf7-form init\" aria-label=\"\u041a\u043e\u043d\u0442\u0430\u043a\u0442\u043d\u0430\u044f \u0444\u043e\u0440\u043c\u0430\" novalidate=\"novalidate\" data-status=\"init\">\n<div style=\"display: none;\">\n<input type=\"hidden\" name=\"_wpcf7\" value=\"9596\" \/>\n<input type=\"hidden\" name=\"_wpcf7_version\" value=\"5.8.2\" \/>\n<input type=\"hidden\" name=\"_wpcf7_locale\" value=\"ru_RU\" \/>\n<input type=\"hidden\" name=\"_wpcf7_unit_tag\" value=\"wpcf7-f9596-o1\" \/>\n<input type=\"hidden\" name=\"_wpcf7_container_post\" value=\"0\" \/>\n<input type=\"hidden\" name=\"_wpcf7_posted_data_hash\" value=\"\" \/>\n<\/div>\n<div id=\"contact-form\" class=\"contact-box3 contact-form-box\">\n  <div class=\"row gutters-20\">\n    <div class=\"col-md-6 form-group\">\n  [text* f-name class:\u0437\u0430\u043f\u043e\u043b\u043d\u0438\u0442\u0435\u043b\u044c \u044d\u043b\u0435\u043c\u0435\u043d\u0442\u0430 \u0443\u043f\u0440\u0430\u0432\u043b\u0435\u043d\u0438\u044f \u0444\u043e\u0440\u043c\u043e\u0439 \"\u0418\u043c\u044f \u0424\u0430\u043c\u0438\u043b\u0438\u044f\"]\n\t<div class=\"help-block with-errors\"><\/div>\n    <\/div>\n    <div class=\"col-md-6 form-group\">\n  [email* \u041a\u043b\u0430\u0441\u0441 \u044d\u043b\u0435\u043a\u0442\u0440\u043e\u043d\u043d\u043e\u0439 \u043f\u043e\u0447\u0442\u044b:\u0437\u0430\u043f\u043e\u043b\u043d\u0438\u0442\u0435\u043b\u044c \u044d\u043b\u0435\u043c\u0435\u043d\u0442\u0430 \u0443\u043f\u0440\u0430\u0432\u043b\u0435\u043d\u0438\u044f \u0444\u043e\u0440\u043c\u043e\u0439 \"\u041e\u0442\u043f\u0440\u0430\u0432\u0438\u0442\u044c \u043f\u043e \u044d\u043b\u0435\u043a\u0442\u0440\u043e\u043d\u043d\u043e\u0439 \u043f\u043e\u0447\u0442\u0435\"]\n\t<div class=\"help-block with-errors\"><\/div>\n    <\/div>\n    <div class=\"col-12 form-group\">\n  [text* \u043a\u043b\u0430\u0441\u0441 \u0442\u0435\u043c\u044b:\u0437\u0430\u043f\u043e\u043b\u043d\u0438\u0442\u0435\u043b\u044c \u044d\u043b\u0435\u043c\u0435\u043d\u0442\u0430 \u0443\u043f\u0440\u0430\u0432\u043b\u0435\u043d\u0438\u044f \u0444\u043e\u0440\u043c\u043e\u0439 \"\u0442\u0435\u043c\u0430\"]\n\t<div class=\"help-block with-errors\"><\/div>\n    <\/div>\n    <div class=\"col-12 form-group\">\n  [textarea* \u0441\u043e\u043e\u0431\u0449\u0435\u043d\u0438\u0435 class:textarea class:form-control 20x5 placeholder \"\u0421\u043e\u043e\u0431\u0449\u0435\u043d\u0438\u0435\"]\n        <div class=\"help-block with-errors\"><\/div>\n     <\/div>\n     <div class=\"col-12 form-group text-center\">\n\t<button type=\"submit\" class=\"btn-fill\">\u041e\u0442\u043f\u0440\u0430\u0432\u0438\u0442\u044c<\/button>\n       <\/div>\n      <div class=\"form-response\"><\/div>\n    <\/div>\n<\/div><div class=\"wpcf7-response-output\" aria-hidden=\"true\"><\/div>\n<\/form>\n<\/div>\n<\/div>\n\t\t\t\t<\/div>\n\t\t\t\t<\/div>\n\t\t\t\t\t<\/div>\n\t\t<\/div>\n\t\t\t\t\t\t\t<\/div>\n\t\t<\/section>\n\t\t\t\t\t<\/div>\n\t\t<\/div>\n\t\t\t\t\t\t\t<\/div>\n\t\t<\/section>\n\t\t\t\t\t\t\t<\/div>\n\t\t","protected":false},"excerpt":{"rendered":"<p>\u0130leti\u015fime Ge\u00e7in A\u015fa\u011f\u0131daki ileti\u015fim bilgilerinden bizlere kolayca ula\u015fabilirsiniz. Telefon +90 538 317 68 48 Email iletisim@sukrukose.com Adres Akarca Mah. \u015eehit Nihat Oran Cad. No:8 \u0130\u00e7 Kap\u0131 No:4 Fethiye\/Mu\u011fla \u0130leti\u015fim Formu A\u015fa\u011f\u0131daki ileti\u015fim formundan bizlere kolayca ula\u015fabilirsiniz.<\/p>\n","protected":false},"author":1,"featured_media":0,"parent":0,"menu_order":0,"comment_status":"closed","ping_status":"closed","template":"templates\/blank.php","meta":[],"_links":{"self":[{"href":"https:\/\/sukrukose.com\/ru\/wp-json\/wp\/v2\/pages\/9534"}],"collection":[{"href":"https:\/\/sukrukose.com\/ru\/wp-json\/wp\/v2\/pages"}],"about":[{"href":"https:\/\/sukrukose.com\/ru\/wp-json\/wp\/v2\/types\/page"}],"author":[{"embeddable":true,"href":"https:\/\/sukrukose.com\/ru\/wp-json\/wp\/v2\/users\/1"}],"replies":[{"embeddable":true,"href":"https:\/\/sukrukose.com\/ru\/wp-json\/wp\/v2\/comments?post=9534"}],"version-history":[{"count":0,"href":"https:\/\/sukrukose.com\/ru\/wp-json\/wp\/v2\/pages\/9534\/revisions"}],"wp:attachment":[{"href":"https:\/\/sukrukose.com\/ru\/wp-json\/wp\/v2\/media?parent=9534"}],"curies":[{"name":"wp","href":"https:\/\/api.w.org\/{rel}","templated":true}]}}